{"id":7,"date":"2025-01-20T13:19:20","date_gmt":"2025-01-20T13:19:20","guid":{"rendered":"https:\/\/www.distriluxes.ch\/fr\/?page_id=7"},"modified":"2025-01-31T06:36:27","modified_gmt":"2025-01-31T06:36:27","slug":"accueil","status":"publish","type":"page","link":"https:\/\/www.distriluxes.ch\/fr\/","title":{"rendered":"Accueil"},"content":{"rendered":"\t\t<div data-elementor-type=\"wp-page\" data-elementor-id=\"7\" class=\"elementor elementor-7\">\n\t\t\t\t\t\t<section class=\"elementor-section elementor-top-section elementor-element elementor-element-b642634 elementor-section-height-min-height elementor-section-items-bottom elementor-section-full_width elementor-section-height-default\" data-id=\"b642634\" data-element_type=\"section\" data-settings=\"{&quot;background_background&quot;:&quot;gradient&quot;}\">\n\t\t\t\t\t\t\t<div class=\"elementor-background-overlay\"><\/div>\n\t\t\t\t\t\t\t<div class=\"elementor-container elementor-column-gap-default\">\n\t\t\t\t\t<div class=\"elementor-column elementor-col-100 elementor-top-column elementor-element elementor-element-365a526\" data-id=\"365a526\" data-element_type=\"column\">\n\t\t\t<div class=\"elementor-widget-wrap\">\n\t\t\t\t\t\t\t<\/div>\n\t\t<\/div>\n\t\t\t\t\t<\/div>\n\t\t<\/section>\n\t\t\t\t<section class=\"elementor-section elementor-top-section elementor-element elementor-element-353e520 elementor-section-full_width elementor-section-height-default elementor-section-height-default\" data-id=\"353e520\" data-element_type=\"section\">\n\t\t\t\t\t\t<div class=\"elementor-container elementor-column-gap-default\">\n\t\t\t\t\t<div class=\"elementor-column elementor-col-50 elementor-top-column elementor-element elementor-element-dcf17fd\" data-id=\"dcf17fd\" data-element_type=\"column\">\n\t\t\t<div class=\"elementor-widget-wrap elementor-element-populated\">\n\t\t\t\t\t\t<div class=\"elementor-element elementor-element-2c941b8 elementor-widget elementor-widget-elementskit-heading\" data-id=\"2c941b8\" data-element_type=\"widget\" data-widget_type=\"elementskit-heading.default\">\n\t\t\t\t<div class=\"elementor-widget-container\">\n\t\t\t\t\t<div class=\"ekit-wid-con\" ><div class=\"ekit-heading elementskit-section-title-wraper text_left   ekit_heading_tablet-   ekit_heading_mobile-\">\t\t\t\t<div class='ekit-heading__description'>\n\t\t\t\t\t<p>L\u2019excellence est un art que l\u2019on n\u2019atteint que par l\u2019exercice constant.<\/p>\n<p>Nous sommes ce que nous faisons de mani\u00e8re r\u00e9p\u00e9t\u00e9e.<\/p>\n<p>L\u2019excellence n\u2019est donc pas une action mais une habitude.<\/p>\n<p>-Aristote\u00a0<\/p>\n\t\t\t\t<\/div>\n\t\t\t<\/div><\/div>\t\t\t\t<\/div>\n\t\t\t\t<\/div>\n\t\t\t\t\t<\/div>\n\t\t<\/div>\n\t\t\t\t<div class=\"elementor-column elementor-col-50 elementor-top-column elementor-element elementor-element-0cca9df\" data-id=\"0cca9df\" data-element_type=\"column\">\n\t\t\t<div class=\"elementor-widget-wrap\">\n\t\t\t\t\t\t\t<\/div>\n\t\t<\/div>\n\t\t\t\t\t<\/div>\n\t\t<\/section>\n\t\t\t\t<section class=\"elementor-section elementor-top-section elementor-element elementor-element-0a8ac0b elementor-section-boxed elementor-section-height-default elementor-section-height-default\" data-id=\"0a8ac0b\" data-element_type=\"section\">\n\t\t\t\t\t\t<div class=\"elementor-container elementor-column-gap-default\">\n\t\t\t\t\t<div class=\"elementor-column elementor-col-100 elementor-top-column elementor-element elementor-element-b27ac3e\" data-id=\"b27ac3e\" data-element_type=\"column\">\n\t\t\t<div class=\"elementor-widget-wrap elementor-element-populated\">\n\t\t\t\t\t\t<div class=\"elementor-element elementor-element-4e91ffe animated-slow elementor-invisible elementor-widget elementor-widget-heading\" data-id=\"4e91ffe\" data-element_type=\"widget\" data-settings=\"{&quot;_animation&quot;:&quot;fadeIn&quot;}\" data-widget_type=\"heading.default\">\n\t\t\t\t<div class=\"elementor-widget-container\">\n\t\t\t\t\t<h2 class=\"elementor-heading-title elementor-size-default\">Cr\u00e9ations de luxe<\/h2>\t\t\t\t<\/div>\n\t\t\t\t<\/div>\n\t\t\t\t\t<\/div>\n\t\t<\/div>\n\t\t\t\t\t<\/div>\n\t\t<\/section>\n\t\t\t\t<section class=\"elementor-section elementor-top-section elementor-element elementor-element-ceeccac elementor-section-height-min-height elementor-section-boxed elementor-section-height-default elementor-section-items-middle\" data-id=\"ceeccac\" data-element_type=\"section\" data-settings=\"{&quot;background_background&quot;:&quot;classic&quot;}\">\n\t\t\t\t\t\t<div class=\"elementor-container elementor-column-gap-default\">\n\t\t\t\t\t<div data-ra-element-link=\"{&quot;url&quot;:&quot;\\\/fr\\\/about-us\\\/#thalassapearls&quot;,&quot;is_external&quot;:&quot;&quot;,&quot;nofollow&quot;:&quot;&quot;,&quot;custom_attributes&quot;:&quot;&quot;}\" style=\"cursor: pointer\" target=\"_self\" onClick=\"window.open(&#039;\/fr\/about-us\/#thalassapearls&#039;, &#039;_self&#039;)\" class=\"elementor-column elementor-col-50 elementor-top-column elementor-element elementor-element-2bcc9a0 animated-slow styclass elementor-invisible\" data-id=\"2bcc9a0\" data-element_type=\"column\" data-settings=\"{&quot;animation&quot;:&quot;fadeIn&quot;,&quot;background_background&quot;:&quot;classic&quot;}\">\n\t\t\t<div class=\"elementor-widget-wrap elementor-element-populated\">\n\t\t\t\t\t<div class=\"elementor-background-overlay\"><\/div>\n\t\t\t\t\t\t<div class=\"elementor-element elementor-element-8f7ec0d elementor-widget elementor-widget-image\" data-id=\"8f7ec0d\" data-element_type=\"widget\" data-widget_type=\"image.default\">\n\t\t\t\t<div class=\"elementor-widget-container\">\n\t\t\t\t\t\t\t\t\t\t\t\t\t\t\t\t<a href=\"\/fr\/about-us\/#thalassapearls\">\n\t\t\t\t\t\t\t<img fetchpriority=\"high\" decoding=\"async\" width=\"800\" height=\"241\" src=\"https:\/\/www.distriluxes.ch\/fr\/wp-content\/uploads\/sites\/2\/2025\/01\/Thalassa-Logo-FA_Reversed-1024x308.png\" class=\"attachment-large size-large wp-image-2008\" alt=\"\" srcset=\"https:\/\/www.distriluxes.ch\/fr\/wp-content\/uploads\/sites\/2\/2025\/01\/Thalassa-Logo-FA_Reversed-1024x308.png 1024w, https:\/\/www.distriluxes.ch\/fr\/wp-content\/uploads\/sites\/2\/2025\/01\/Thalassa-Logo-FA_Reversed-300x90.png 300w, https:\/\/www.distriluxes.ch\/fr\/wp-content\/uploads\/sites\/2\/2025\/01\/Thalassa-Logo-FA_Reversed-768x231.png 768w, https:\/\/www.distriluxes.ch\/fr\/wp-content\/uploads\/sites\/2\/2025\/01\/Thalassa-Logo-FA_Reversed-1536x462.png 1536w, https:\/\/www.distriluxes.ch\/fr\/wp-content\/uploads\/sites\/2\/2025\/01\/Thalassa-Logo-FA_Reversed-2048x616.png 2048w\" sizes=\"(max-width: 800px) 100vw, 800px\" \/>\t\t\t\t\t\t\t\t<\/a>\n\t\t\t\t\t\t\t\t\t\t\t\t\t\t\t<\/div>\n\t\t\t\t<\/div>\n\t\t\t\t\t<\/div>\n\t\t<\/div>\n\t\t\t\t<div data-ra-element-link=\"{&quot;url&quot;:&quot;\\\/fr\\\/about-us\\\/#luckieffer&quot;,&quot;is_external&quot;:&quot;&quot;,&quot;nofollow&quot;:&quot;&quot;,&quot;custom_attributes&quot;:&quot;&quot;}\" style=\"cursor: pointer\" target=\"_self\" onClick=\"window.open(&#039;\/fr\/about-us\/#luckieffer&#039;, &#039;_self&#039;)\" class=\"elementor-column elementor-col-50 elementor-top-column elementor-element elementor-element-e611ce8 animated-slow styclass elementor-invisible\" data-id=\"e611ce8\" data-element_type=\"column\" data-settings=\"{&quot;animation&quot;:&quot;fadeIn&quot;,&quot;background_background&quot;:&quot;classic&quot;}\">\n\t\t\t<div class=\"elementor-widget-wrap\">\n\t\t\t\t\t<div class=\"elementor-background-overlay\"><\/div>\n\t\t\t\t\t\t\t<\/div>\n\t\t<\/div>\n\t\t\t\t\t<\/div>\n\t\t<\/section>\n\t\t\t\t<section class=\"elementor-section elementor-top-section elementor-element elementor-element-2ed1771 elementor-section-boxed elementor-section-height-default elementor-section-height-default\" data-id=\"2ed1771\" data-element_type=\"section\">\n\t\t\t\t\t\t<div class=\"elementor-container elementor-column-gap-default\">\n\t\t\t\t\t<div class=\"elementor-column elementor-col-100 elementor-top-column elementor-element elementor-element-fa67292\" data-id=\"fa67292\" data-element_type=\"column\">\n\t\t\t<div class=\"elementor-widget-wrap elementor-element-populated\">\n\t\t\t\t\t\t<div class=\"elementor-element elementor-element-2ece45f animated-slow elementor-invisible elementor-widget elementor-widget-heading\" data-id=\"2ece45f\" data-element_type=\"widget\" data-settings=\"{&quot;_animation&quot;:&quot;fadeIn&quot;}\" data-widget_type=\"heading.default\">\n\t\t\t\t<div class=\"elementor-widget-container\">\n\t\t\t\t\t<h2 class=\"elementor-heading-title elementor-size-default\">Distriwine <\/h2>\t\t\t\t<\/div>\n\t\t\t\t<\/div>\n\t\t\t\t\t<\/div>\n\t\t<\/div>\n\t\t\t\t\t<\/div>\n\t\t<\/section>\n\t\t\t\t<section class=\"elementor-section elementor-top-section elementor-element elementor-element-65d2d50 elementor-section-height-min-height elementor-section-boxed elementor-section-height-default elementor-section-items-middle\" data-id=\"65d2d50\" data-element_type=\"section\" data-settings=\"{&quot;background_background&quot;:&quot;classic&quot;}\">\n\t\t\t\t\t\t<div class=\"elementor-container elementor-column-gap-default\">\n\t\t\t\t\t<div class=\"elementor-column elementor-col-33 elementor-top-column elementor-element elementor-element-6d54078 animated-slow styclass elementor-hidden-tablet elementor-hidden-mobile elementor-invisible\" data-id=\"6d54078\" data-element_type=\"column\" data-settings=\"{&quot;animation&quot;:&quot;fadeIn&quot;,&quot;background_background&quot;:&quot;classic&quot;}\">\n\t\t\t<div class=\"elementor-widget-wrap\">\n\t\t\t\t\t<div class=\"elementor-background-overlay\"><\/div>\n\t\t\t\t\t\t\t<\/div>\n\t\t<\/div>\n\t\t\t\t<div data-ra-element-link=\"{&quot;url&quot;:&quot;\\\/fr\\\/about-us\\\/#luckieffer&quot;,&quot;is_external&quot;:&quot;&quot;,&quot;nofollow&quot;:&quot;&quot;,&quot;custom_attributes&quot;:&quot;&quot;}\" style=\"cursor: pointer\" target=\"_self\" onClick=\"window.open(&#039;\/fr\/about-us\/#luckieffer&#039;, &#039;_self&#039;)\" class=\"elementor-column elementor-col-33 elementor-top-column elementor-element elementor-element-115e463 animated-slow styclass elementor-invisible\" data-id=\"115e463\" data-element_type=\"column\" data-settings=\"{&quot;animation&quot;:&quot;fadeIn&quot;,&quot;background_background&quot;:&quot;classic&quot;}\">\n\t\t\t<div class=\"elementor-widget-wrap\">\n\t\t\t\t\t<div class=\"elementor-background-overlay\"><\/div>\n\t\t\t\t\t\t\t<\/div>\n\t\t<\/div>\n\t\t\t\t<div class=\"elementor-column elementor-col-33 elementor-top-column elementor-element elementor-element-ed23a92 animated-slow styclass elementor-hidden-tablet elementor-hidden-mobile elementor-invisible\" data-id=\"ed23a92\" data-element_type=\"column\" data-settings=\"{&quot;animation&quot;:&quot;fadeIn&quot;,&quot;background_background&quot;:&quot;classic&quot;}\">\n\t\t\t<div class=\"elementor-widget-wrap\">\n\t\t\t\t\t<div class=\"elementor-background-overlay\"><\/div>\n\t\t\t\t\t\t\t<\/div>\n\t\t<\/div>\n\t\t\t\t\t<\/div>\n\t\t<\/section>\n\t\t\t\t<\/div>\n\t\t","protected":false},"excerpt":{"rendered":"<p>L\u2019excellence est un art que l\u2019on n\u2019atteint que par l\u2019exercice constant. Nous sommes ce que nous faisons de mani\u00e8re r\u00e9p\u00e9t\u00e9e. L\u2019excellence n\u2019est donc pas une action mais une habitude. -Aristote\u00a0 Cr\u00e9ations de luxe Distriwine<\/p>\n","protected":false},"author":1,"featured_media":0,"parent":0,"menu_order":0,"comment_status":"closed","ping_status":"closed","template":"elementor_header_footer","meta":{"footnotes":""},"class_list":["post-7","page","type-page","status-publish","hentry"],"yoast_head":"<!-- This site is optimized with the Yoast SEO plugin v24.2 - https:\/\/yoast.com\/wordpress\/plugins\/seo\/ -->\n<title>Accueil - Fran\u00e7ais | DISTRILUXES<\/title>\n<meta name=\"robots\" content=\"index, follow, max-snippet:-1, max-image-preview:large, max-video-preview:-1\" \/>\n<link rel=\"canonical\" href=\"https:\/\/www.distriluxes.ch\/fr\/\" \/>\n<meta property=\"og:locale\" content=\"fr_FR\" \/>\n<meta property=\"og:type\" content=\"article\" \/>\n<meta property=\"og:title\" content=\"Accueil - Fran\u00e7ais | DISTRILUXES\" \/>\n<meta property=\"og:description\" content=\"L\u2019excellence est un art que l\u2019on n\u2019atteint que par l\u2019exercice constant. Nous sommes ce que nous faisons de mani\u00e8re r\u00e9p\u00e9t\u00e9e. L\u2019excellence n\u2019est donc pas une action mais une habitude. -Aristote\u00a0 Cr\u00e9ations de luxe Distriwine\" \/>\n<meta property=\"og:url\" content=\"https:\/\/www.distriluxes.ch\/fr\/\" \/>\n<meta property=\"og:site_name\" content=\"Fran\u00e7ais | DISTRILUXES\" \/>\n<meta property=\"article:modified_time\" content=\"2025-01-31T06:36:27+00:00\" \/>\n<meta property=\"og:image\" content=\"https:\/\/www.distriluxes.ch\/fr\/wp-content\/uploads\/sites\/2\/2025\/01\/Thalassa-Logo-FA_Reversed.png\" \/>\n\t<meta property=\"og:image:width\" content=\"4143\" \/>\n\t<meta property=\"og:image:height\" content=\"1247\" \/>\n\t<meta property=\"og:image:type\" content=\"image\/png\" \/>\n<meta name=\"twitter:card\" content=\"summary_large_image\" \/>\n<meta name=\"twitter:label1\" content=\"Dur\u00e9e de lecture estim\u00e9e\" \/>\n\t<meta name=\"twitter:data1\" content=\"1 minute\" \/>\n<script type=\"application\/ld+json\" class=\"yoast-schema-graph\">{\"@context\":\"https:\/\/schema.org\",\"@graph\":[{\"@type\":\"WebPage\",\"@id\":\"https:\/\/www.distriluxes.ch\/fr\/\",\"url\":\"https:\/\/www.distriluxes.ch\/fr\/\",\"name\":\"Accueil - Fran\u00e7ais | DISTRILUXES\",\"isPartOf\":{\"@id\":\"https:\/\/www.distriluxes.ch\/fr\/#website\"},\"primaryImageOfPage\":{\"@id\":\"https:\/\/www.distriluxes.ch\/fr\/#primaryimage\"},\"image\":{\"@id\":\"https:\/\/www.distriluxes.ch\/fr\/#primaryimage\"},\"thumbnailUrl\":\"https:\/\/www.distriluxes.ch\/fr\/wp-content\/uploads\/sites\/2\/2025\/01\/Thalassa-Logo-FA_Reversed-1024x308.png\",\"datePublished\":\"2025-01-20T13:19:20+00:00\",\"dateModified\":\"2025-01-31T06:36:27+00:00\",\"breadcrumb\":{\"@id\":\"https:\/\/www.distriluxes.ch\/fr\/#breadcrumb\"},\"inLanguage\":\"fr-FR\",\"potentialAction\":[{\"@type\":\"ReadAction\",\"target\":[\"https:\/\/www.distriluxes.ch\/fr\/\"]}]},{\"@type\":\"ImageObject\",\"inLanguage\":\"fr-FR\",\"@id\":\"https:\/\/www.distriluxes.ch\/fr\/#primaryimage\",\"url\":\"https:\/\/www.distriluxes.ch\/fr\/wp-content\/uploads\/sites\/2\/2025\/01\/Thalassa-Logo-FA_Reversed.png\",\"contentUrl\":\"https:\/\/www.distriluxes.ch\/fr\/wp-content\/uploads\/sites\/2\/2025\/01\/Thalassa-Logo-FA_Reversed.png\",\"width\":4143,\"height\":1247},{\"@type\":\"BreadcrumbList\",\"@id\":\"https:\/\/www.distriluxes.ch\/fr\/#breadcrumb\",\"itemListElement\":[{\"@type\":\"ListItem\",\"position\":1,\"name\":\"Home\",\"item\":\"https:\/\/www.distriluxes.ch\/fr\/\"},{\"@type\":\"ListItem\",\"position\":2,\"name\":\"Accueil\"}]},{\"@type\":\"WebSite\",\"@id\":\"https:\/\/www.distriluxes.ch\/fr\/#website\",\"url\":\"https:\/\/www.distriluxes.ch\/fr\/\",\"name\":\"Fran\u00e7ais | DISTRILUXES\",\"description\":\"\",\"potentialAction\":[{\"@type\":\"SearchAction\",\"target\":{\"@type\":\"EntryPoint\",\"urlTemplate\":\"https:\/\/www.distriluxes.ch\/fr\/?s={search_term_string}\"},\"query-input\":{\"@type\":\"PropertyValueSpecification\",\"valueRequired\":true,\"valueName\":\"search_term_string\"}}],\"inLanguage\":\"fr-FR\"}]}<\/script>\n<!-- \/ Yoast SEO plugin. -->","yoast_head_json":{"title":"Accueil - Fran\u00e7ais | DISTRILUXES","robots":{"index":"index","follow":"follow","max-snippet":"max-snippet:-1","max-image-preview":"max-image-preview:large","max-video-preview":"max-video-preview:-1"},"canonical":"https:\/\/www.distriluxes.ch\/fr\/","og_locale":"fr_FR","og_type":"article","og_title":"Accueil - Fran\u00e7ais | DISTRILUXES","og_description":"L\u2019excellence est un art que l\u2019on n\u2019atteint que par l\u2019exercice constant. Nous sommes ce que nous faisons de mani\u00e8re r\u00e9p\u00e9t\u00e9e. L\u2019excellence n\u2019est donc pas une action mais une habitude. -Aristote\u00a0 Cr\u00e9ations de luxe Distriwine","og_url":"https:\/\/www.distriluxes.ch\/fr\/","og_site_name":"Fran\u00e7ais | DISTRILUXES","article_modified_time":"2025-01-31T06:36:27+00:00","og_image":[{"width":4143,"height":1247,"url":"https:\/\/www.distriluxes.ch\/fr\/wp-content\/uploads\/sites\/2\/2025\/01\/Thalassa-Logo-FA_Reversed.png","type":"image\/png"}],"twitter_card":"summary_large_image","twitter_misc":{"Dur\u00e9e de lecture estim\u00e9e":"1 minute"},"schema":{"@context":"https:\/\/schema.org","@graph":[{"@type":"WebPage","@id":"https:\/\/www.distriluxes.ch\/fr\/","url":"https:\/\/www.distriluxes.ch\/fr\/","name":"Accueil - Fran\u00e7ais | DISTRILUXES","isPartOf":{"@id":"https:\/\/www.distriluxes.ch\/fr\/#website"},"primaryImageOfPage":{"@id":"https:\/\/www.distriluxes.ch\/fr\/#primaryimage"},"image":{"@id":"https:\/\/www.distriluxes.ch\/fr\/#primaryimage"},"thumbnailUrl":"https:\/\/www.distriluxes.ch\/fr\/wp-content\/uploads\/sites\/2\/2025\/01\/Thalassa-Logo-FA_Reversed-1024x308.png","datePublished":"2025-01-20T13:19:20+00:00","dateModified":"2025-01-31T06:36:27+00:00","breadcrumb":{"@id":"https:\/\/www.distriluxes.ch\/fr\/#breadcrumb"},"inLanguage":"fr-FR","potentialAction":[{"@type":"ReadAction","target":["https:\/\/www.distriluxes.ch\/fr\/"]}]},{"@type":"ImageObject","inLanguage":"fr-FR","@id":"https:\/\/www.distriluxes.ch\/fr\/#primaryimage","url":"https:\/\/www.distriluxes.ch\/fr\/wp-content\/uploads\/sites\/2\/2025\/01\/Thalassa-Logo-FA_Reversed.png","contentUrl":"https:\/\/www.distriluxes.ch\/fr\/wp-content\/uploads\/sites\/2\/2025\/01\/Thalassa-Logo-FA_Reversed.png","width":4143,"height":1247},{"@type":"BreadcrumbList","@id":"https:\/\/www.distriluxes.ch\/fr\/#breadcrumb","itemListElement":[{"@type":"ListItem","position":1,"name":"Home","item":"https:\/\/www.distriluxes.ch\/fr\/"},{"@type":"ListItem","position":2,"name":"Accueil"}]},{"@type":"WebSite","@id":"https:\/\/www.distriluxes.ch\/fr\/#website","url":"https:\/\/www.distriluxes.ch\/fr\/","name":"Fran\u00e7ais | DISTRILUXES","description":"","potentialAction":[{"@type":"SearchAction","target":{"@type":"EntryPoint","urlTemplate":"https:\/\/www.distriluxes.ch\/fr\/?s={search_term_string}"},"query-input":{"@type":"PropertyValueSpecification","valueRequired":true,"valueName":"search_term_string"}}],"inLanguage":"fr-FR"}]}},"_links":{"self":[{"href":"https:\/\/www.distriluxes.ch\/fr\/wp-json\/wp\/v2\/pages\/7","targetHints":{"allow":["GET"]}}],"collection":[{"href":"https:\/\/www.distriluxes.ch\/fr\/wp-json\/wp\/v2\/pages"}],"about":[{"href":"https:\/\/www.distriluxes.ch\/fr\/wp-json\/wp\/v2\/types\/page"}],"author":[{"embeddable":true,"href":"https:\/\/www.distriluxes.ch\/fr\/wp-json\/wp\/v2\/users\/1"}],"replies":[{"embeddable":true,"href":"https:\/\/www.distriluxes.ch\/fr\/wp-json\/wp\/v2\/comments?post=7"}],"version-history":[{"count":37,"href":"https:\/\/www.distriluxes.ch\/fr\/wp-json\/wp\/v2\/pages\/7\/revisions"}],"predecessor-version":[{"id":2079,"href":"https:\/\/www.distriluxes.ch\/fr\/wp-json\/wp\/v2\/pages\/7\/revisions\/2079"}],"wp:attachment":[{"href":"https:\/\/www.distriluxes.ch\/fr\/wp-json\/wp\/v2\/media?parent=7"}],"curies":[{"name":"wp","href":"https:\/\/api.w.org\/{rel}","templated":true}]}}